{"id":15,"date":"2018-12-29T15:14:07","date_gmt":"2018-12-29T15:14:07","guid":{"rendered":"https:\/\/futuriodemos.com\/coffee-demo\/?page_id=5"},"modified":"2024-02-20T10:16:01","modified_gmt":"2024-02-20T10:16:01","slug":"home","status":"publish","type":"page","link":"https:\/\/www.varvshistoriska-sbg.se\/","title":{"rendered":"Hem"},"content":{"rendered":"\t\t<div data-elementor-type=\"wp-post\" data-elementor-id=\"15\" class=\"elementor elementor-15\">\n\t\t\t\t\t\t<section class=\"elementor-section elementor-top-section elementor-element elementor-element-12cea8ef elementor-section-boxed elementor-section-height-default elementor-section-height-default\" data-id=\"12cea8ef\" data-element_type=\"section\">\n\t\t\t\t\t\t<div class=\"elementor-container elementor-column-gap-default\">\n\t\t\t\t\t<div class=\"elementor-column elementor-col-100 elementor-top-column elementor-element elementor-element-7cf8518\" data-id=\"7cf8518\" data-element_type=\"column\">\n\t\t\t<div class=\"elementor-widget-wrap elementor-element-populated\">\n\t\t\t\t\t\t<div class=\"elementor-element elementor-element-2e2ebd6 elementor-widget elementor-widget-spacer\" data-id=\"2e2ebd6\" data-element_type=\"widget\" data-widget_type=\"spacer.default\">\n\t\t\t\t<div class=\"elementor-widget-container\">\n\t\t\t\t\t<div class=\"elementor-spacer\">\n\t\t\t<div class=\"elementor-spacer-inner\"><\/div>\n\t\t<\/div>\n\t\t\t\t<\/div>\n\t\t\t\t<\/div>\n\t\t\t\t\t<\/div>\n\t\t<\/div>\n\t\t\t\t\t<\/div>\n\t\t<\/section>\n\t\t\t\t<section class=\"elementor-section elementor-top-section elementor-element elementor-element-15fd56c elementor-section-boxed elementor-section-height-default elementor-section-height-default\" data-id=\"15fd56c\" data-element_type=\"section\">\n\t\t\t\t\t\t<div class=\"elementor-container elementor-column-gap-default\">\n\t\t\t\t\t<div class=\"elementor-column elementor-col-50 elementor-top-column elementor-element elementor-element-917cc82\" data-id=\"917cc82\" data-element_type=\"column\">\n\t\t\t<div class=\"elementor-widget-wrap elementor-element-populated\">\n\t\t\t\t\t\t<div class=\"elementor-element elementor-element-b79e086 elementor-drop-cap-yes elementor-drop-cap-view-default elementor-widget elementor-widget-text-editor\" data-id=\"b79e086\" data-element_type=\"widget\" data-settings=\"{&quot;drop_cap&quot;:&quot;yes&quot;}\" data-widget_type=\"text-editor.default\">\n\t\t\t\t<div class=\"elementor-widget-container\">\n\t\t\t\t\t\t\t<p>S\u00f6lvesborgs Varvs &#8220;moderna&#8221; historia tar sin b\u00f6rjan \u00e5r 1918 och avslutas i och med nedl\u00e4ggningen 1981. Det r\u00f6r sig s\u00e5ledes om en l\u00e5ng epok och Varvet har under denna tid varit f\u00f6rem\u00e5l f\u00f6r ett flertal st\u00f6rre f\u00f6r\u00e4ndringar, d\u00e4ribland en installation av en fl\u00f6desvakt.\u00a0<\/p><p>Under \u00e5rens lopp har ett \u00e5ttiotal fartyg byggts, sj\u00f6satts och slutligen levererats till olika rederier i Sverige eller utomlands. \u00c4ven omfattande reparationsverksamhet har bedrivits och \u00e5tskilliga \u00e4r de fartyg som har reparerats p\u00e5 S\u00f6lvesborgs Varv.<\/p><p>DVD film &#8220;Minnen fr\u00e5n ett varv&#8221; och boken &#8220;Varvsminnen&#8221; finns att k\u00f6pa hos Varvshistoriska F\u00f6reningen i S\u00f6lvesborg och s\u00e4ljs f\u00f6r n\u00e4rvarande ocks\u00e5 p\u00e5 Medborgarkontoret S\u00f6lvesborgs Kommun.<\/p>\t\t\t\t\t\t<\/div>\n\t\t\t\t<\/div>\n\t\t\t\t\t<\/div>\n\t\t<\/div>\n\t\t\t\t<div class=\"elementor-column elementor-col-50 elementor-top-column elementor-element elementor-element-432a0d8\" data-id=\"432a0d8\" data-element_type=\"column\">\n\t\t\t<div class=\"elementor-widget-wrap elementor-element-populated\">\n\t\t\t\t\t\t<div class=\"elementor-element elementor-element-2556ce9 elementor-widget elementor-widget-image\" data-id=\"2556ce9\" data-element_type=\"widget\" data-widget_type=\"image.default\">\n\t\t\t\t<div class=\"elementor-widget-container\">\n\t\t\t\t\t\t\t\t\t\t\t\t\t<img fetchpriority=\"high\" decoding=\"async\" width=\"450\" height=\"450\" src=\"https:\/\/www.varvshistoriska-sbg.se\/wp-content\/uploads\/2020\/04\/varv1.png\" class=\"attachment-large size-large wp-image-42\" alt=\"\" srcset=\"https:\/\/www.varvshistoriska-sbg.se\/wp-content\/uploads\/2020\/04\/varv1.png 450w, https:\/\/www.varvshistoriska-sbg.se\/wp-content\/uploads\/2020\/04\/varv1-300x300.png 300w, https:\/\/www.varvshistoriska-sbg.se\/wp-content\/uploads\/2020\/04\/varv1-150x150.png 150w, https:\/\/www.varvshistoriska-sbg.se\/wp-content\/uploads\/2020\/04\/varv1-75x75.png 75w\" sizes=\"(max-width: 450px) 100vw, 450px\" \/>\t\t\t\t\t\t\t\t\t\t\t\t\t<\/div>\n\t\t\t\t<\/div>\n\t\t\t\t\t<\/div>\n\t\t<\/div>\n\t\t\t\t\t<\/div>\n\t\t<\/section>\n\t\t\t\t<\/div>\n\t\t","protected":false},"excerpt":{"rendered":"<p>S\u00f6lvesborgs Varvs &#8220;moderna&#8221; historia tar sin b\u00f6rjan \u00e5r 1918 och avslutas i och med nedl\u00e4ggningen 1981. Det r\u00f6r sig s\u00e5ledes om en l\u00e5ng epok och Varvet har under denna tid varit f\u00f6rem\u00e5l f\u00f6r ett flertal st\u00f6rre f\u00f6r\u00e4ndringar, d\u00e4ribland en installation av en fl\u00f6desvakt.\u00a0 Under \u00e5rens lopp har ett \u00e5ttiotal fartyg byggts, sj\u00f6satts och slutligen levererats till olika rederier i Sverige eller utomlands. \u00c4ven omfattande reparationsverksamhet har bedrivits och \u00e5tskilliga \u00e4r de fartyg som har reparerats p\u00e5 S\u00f6lvesborgs Varv. DVD film &#8220;Minnen fr\u00e5n ett varv&#8221; och boken &#8220;Varvsminnen&#8221; finns att k\u00f6pa hos Varvshistoriska F\u00f6reningen i S\u00f6lvesborg och s\u00e4ljs f\u00f6r n\u00e4rvarande ocks\u00e5 p\u00e5 Medborgarkontoret S\u00f6lvesborgs Kommun.<\/p>\n","protected":false},"author":1,"featured_media":0,"parent":0,"menu_order":0,"comment_status":"closed","ping_status":"closed","template":"","meta":{"footnotes":""},"_links":{"self":[{"href":"https:\/\/www.varvshistoriska-sbg.se\/index.php?rest_route=\/wp\/v2\/pages\/15"}],"collection":[{"href":"https:\/\/www.varvshistoriska-sbg.se\/index.php?rest_route=\/wp\/v2\/pages"}],"about":[{"href":"https:\/\/www.varvshistoriska-sbg.se\/index.php?rest_route=\/wp\/v2\/types\/page"}],"author":[{"embeddable":true,"href":"https:\/\/www.varvshistoriska-sbg.se\/index.php?rest_route=\/wp\/v2\/users\/1"}],"replies":[{"embeddable":true,"href":"https:\/\/www.varvshistoriska-sbg.se\/index.php?rest_route=%2Fwp%2Fv2%2Fcomments&post=15"}],"version-history":[{"count":8,"href":"https:\/\/www.varvshistoriska-sbg.se\/index.php?rest_route=\/wp\/v2\/pages\/15\/revisions"}],"predecessor-version":[{"id":109,"href":"https:\/\/www.varvshistoriska-sbg.se\/index.php?rest_route=\/wp\/v2\/pages\/15\/revisions\/109"}],"wp:attachment":[{"href":"https:\/\/www.varvshistoriska-sbg.se\/index.php?rest_route=%2Fwp%2Fv2%2Fmedia&parent=15"}],"curies":[{"name":"wp","href":"https:\/\/api.w.org\/{rel}","templated":true}]}}