{"id":63,"date":"2020-04-27T14:20:41","date_gmt":"2020-04-27T13:20:41","guid":{"rendered":"https:\/\/www.varvshistoriska-sbg.se\/?page_id=63"},"modified":"2024-02-20T10:16:01","modified_gmt":"2024-02-20T10:16:01","slug":"index-phpoptioncom-contentviewarticleid11itemid9","status":"publish","type":"page","link":"https:\/\/www.varvshistoriska-sbg.se\/?page_id=63","title":{"rendered":"F\u00f6rem\u00e5l"},"content":{"rendered":"\n<p class=\"has-text-align-center\">Varvshistoriska F\u00f6reningen vill kunna ge allm\u00e4nheten en s\u00e5 komplett och levande bild som m\u00f6jligt av S\u00f6lvesborgsvarvet. D\u00e4rf\u00f6r s\u00f6ker f\u00f6reningen efter fotografier, modeller av fartyg och andra f\u00f6rem\u00e5l t.ex. enkla handverktyg, skyltar, inredningsm\u00f6bler och hyllor, handlingar, som p\u00e5 n\u00e5got s\u00e4tt h\u00f6r samman med S\u00f6lvesborgs Varv.<\/p>\n\n\n\n<p class=\"has-text-align-center\">De tar tacksamt emot som g\u00e5va eller ett l\u00e5n! <strong>Allt \u00e4r av intresse!\u00a0\u00a0<\/strong><\/p>\n","protected":false},"excerpt":{"rendered":"<p>Varvshistoriska F\u00f6reningen vill kunna ge allm\u00e4nheten en s\u00e5 komplett och levande bild som m\u00f6jligt av S\u00f6lvesborgsvarvet. D\u00e4rf\u00f6r s\u00f6ker f\u00f6reningen efter fotografier, modeller av fartyg och andra f\u00f6rem\u00e5l t.ex. enkla handverktyg, skyltar, inredningsm\u00f6bler och hyllor, handlingar, som p\u00e5 n\u00e5got s\u00e4tt h\u00f6r samman med S\u00f6lvesborgs Varv. De tar tacksamt emot som g\u00e5va eller ett l\u00e5n! Allt \u00e4r av intresse!\u00a0\u00a0<\/p>\n","protected":false},"author":1,"featured_media":0,"parent":0,"menu_order":0,"comment_status":"closed","ping_status":"closed","template":"","meta":{"footnotes":""},"_links":{"self":[{"href":"https:\/\/www.varvshistoriska-sbg.se\/index.php?rest_route=\/wp\/v2\/pages\/63"}],"collection":[{"href":"https:\/\/www.varvshistoriska-sbg.se\/index.php?rest_route=\/wp\/v2\/pages"}],"about":[{"href":"https:\/\/www.varvshistoriska-sbg.se\/index.php?rest_route=\/wp\/v2\/types\/page"}],"author":[{"embeddable":true,"href":"https:\/\/www.varvshistoriska-sbg.se\/index.php?rest_route=\/wp\/v2\/users\/1"}],"replies":[{"embeddable":true,"href":"https:\/\/www.varvshistoriska-sbg.se\/index.php?rest_route=%2Fwp%2Fv2%2Fcomments&post=63"}],"version-history":[{"count":1,"href":"https:\/\/www.varvshistoriska-sbg.se\/index.php?rest_route=\/wp\/v2\/pages\/63\/revisions"}],"predecessor-version":[{"id":64,"href":"https:\/\/www.varvshistoriska-sbg.se\/index.php?rest_route=\/wp\/v2\/pages\/63\/revisions\/64"}],"wp:attachment":[{"href":"https:\/\/www.varvshistoriska-sbg.se\/index.php?rest_route=%2Fwp%2Fv2%2Fmedia&parent=63"}],"curies":[{"name":"wp","href":"https:\/\/api.w.org\/{rel}","templated":true}]}}