{"id":71,"date":"2020-04-27T14:34:53","date_gmt":"2020-04-27T13:34:53","guid":{"rendered":"https:\/\/www.varvshistoriska-sbg.se\/?page_id=71"},"modified":"2024-02-20T10:16:01","modified_gmt":"2024-02-20T10:16:01","slug":"tidningsartiklar","status":"publish","type":"page","link":"https:\/\/www.varvshistoriska-sbg.se\/?page_id=71","title":{"rendered":"Tidningsartiklar"},"content":{"rendered":"\n<h2 class=\"has-text-color wp-block-heading\" style=\"color:#bb9933\"><strong>[24 Jan 07] :: Minnen fr\u00e5n ett varv Varvshistoriska F\u00f6reningen i S\u00f6lvesborg<\/strong><\/h2>\n\n\n\n<blockquote class=\"wp-block-quote\"><p>Denna film spelades in under h\u00f6sten 2006. Filmen visar hur S\u00f6lvesborgs varv har utvecklats under de 90 \u00e5r som verksamheten p\u00e5gick. Filmen bygger p\u00e5 intervjuer med gamla varvarbetare, stillbilder p\u00e5 varvets fartygsproduktion och en 8 mm film inspelad under slutet av 50-talet och b\u00f6rjan av 60-talet.<\/p><\/blockquote>\n\n\n\n<blockquote class=\"wp-block-quote\"><p>Speltid: 84 minuter.Filmen kan k\u00f6pas, best\u00e4llas fr\u00e5n Varvshistoriska f\u00f6reningen.<\/p><\/blockquote>\n\n\n\n<div style=\"height:100px\" aria-hidden=\"true\" class=\"wp-block-spacer\"><\/div>\n\n\n\n<h2 class=\"has-text-color wp-block-heading\" style=\"color:#bb9933\"><strong>[23 Jan 07] :: Filmpremi\u00e4r om varvshistoria<\/strong><\/h2>\n\n\n\n<blockquote class=\"wp-block-quote\"><p><strong>S\u00d6LVESBORG Ett digert stycke lokalhistoria rullades upp p\u00e5 vita duken i Folkets hus i g\u00e5r kv\u00e4ll. Filmen Minnet fr\u00e5n ett varv premi\u00e4rvisades inf\u00f6r en storpublik.<\/strong><\/p><p>Arrangerande Varvshistoriska f\u00f6reningen hade r\u00e4knat med runt 40 personer. N\u00e4ra dubbelt s\u00e5 m\u00e5nga kom f\u00f6r att uppleva en epok i S\u00f6lvesborg som tog sin b\u00f6rjan 1891 och avslutades 1981. P\u00e5 f\u00f6reningens initiativ har filmaren Mats Harrysson gr\u00e4vt i film- och fotoarkiv, intervjuat flera gamla trotj\u00e4nare och d\u00e4refter s\u00e5llat bland materialet f\u00f6r att st\u00e4lla samman en n\u00e4ra 40 minuter l\u00e5ng film om den verksamhet som utan \u00f6verdrift var navet i sj\u00f6- och stapelstaden under 1900-talet.<\/p><\/blockquote>\n\n\n\n<div style=\"height:100px\" aria-hidden=\"true\" class=\"wp-block-spacer\"><\/div>\n\n\n\n<h2 class=\"has-text-color wp-block-heading\" style=\"color:#bb9933\"><strong>Varvet &#8211; ett stycke kultur<\/strong><\/h2>\n\n\n\n<blockquote class=\"wp-block-quote\"><p><strong>S\u00d6LVESBORG<\/strong>\u00a0\u00b7 S\u00f6lvesborgs Varv var en g\u00e5ng i tiden en av de st\u00f6rsta arbetsplatserna i staden. Tack vare Varvshistoriska f\u00f6reningen lever minnet om varvet vidare och under Kulturhusens dag visas en fotoutst\u00e4llning i Folkets hus.<\/p><\/blockquote>\n","protected":false},"excerpt":{"rendered":"<p>[24 Jan 07] :: Minnen fr\u00e5n ett varv Varvshistoriska F\u00f6reningen i S\u00f6lvesborg Denna film spelades in under h\u00f6sten 2006. Filmen visar hur S\u00f6lvesborgs varv har utvecklats under de 90 \u00e5r som verksamheten p\u00e5gick. Filmen bygger p\u00e5 intervjuer med gamla varvarbetare, stillbilder p\u00e5 varvets fartygsproduktion och en 8 mm film inspelad under slutet av 50-talet och b\u00f6rjan av 60-talet. Speltid: 84 minuter.Filmen kan k\u00f6pas, best\u00e4llas fr\u00e5n Varvshistoriska f\u00f6reningen. [23 Jan 07] :: Filmpremi\u00e4r om varvshistoria S\u00d6LVESBORG Ett digert stycke lokalhistoria rullades upp p\u00e5 vita duken i Folkets hus i g\u00e5r kv\u00e4ll. Filmen Minnet fr\u00e5n ett varv premi\u00e4rvisades inf\u00f6r en storpublik. Arrangerande Varvshistoriska f\u00f6reningen hade r\u00e4knat med runt 40 personer. N\u00e4ra dubbelt s\u00e5 m\u00e5nga kom f\u00f6r att uppleva en epok i S\u00f6lvesborg som tog sin b\u00f6rjan 1891 och avslutades 1981. P\u00e5 f\u00f6reningens initiativ har filmaren Mats Harrysson gr\u00e4vt i film- och fotoarkiv, intervjuat flera gamla trotj\u00e4nare och d\u00e4refter s\u00e5llat bland materialet f\u00f6r att st\u00e4lla samman en n\u00e4ra 40 minuter l\u00e5ng film om den verksamhet som utan \u00f6verdrift var navet i sj\u00f6- och stapelstaden under 1900-talet. Varvet &#8211; ett stycke kultur S\u00d6LVESBORG\u00a0\u00b7 S\u00f6lvesborgs Varv var en g\u00e5ng i tiden en av de st\u00f6rsta arbetsplatserna i staden. Tack vare Varvshistoriska f\u00f6reningen lever minnet om varvet vidare och under Kulturhusens dag visas en fotoutst\u00e4llning i Folkets hus.<\/p>\n","protected":false},"author":1,"featured_media":0,"parent":0,"menu_order":0,"comment_status":"closed","ping_status":"closed","template":"","meta":{"footnotes":""},"_links":{"self":[{"href":"https:\/\/www.varvshistoriska-sbg.se\/index.php?rest_route=\/wp\/v2\/pages\/71"}],"collection":[{"href":"https:\/\/www.varvshistoriska-sbg.se\/index.php?rest_route=\/wp\/v2\/pages"}],"about":[{"href":"https:\/\/www.varvshistoriska-sbg.se\/index.php?rest_route=\/wp\/v2\/types\/page"}],"author":[{"embeddable":true,"href":"https:\/\/www.varvshistoriska-sbg.se\/index.php?rest_route=\/wp\/v2\/users\/1"}],"replies":[{"embeddable":true,"href":"https:\/\/www.varvshistoriska-sbg.se\/index.php?rest_route=%2Fwp%2Fv2%2Fcomments&post=71"}],"version-history":[{"count":1,"href":"https:\/\/www.varvshistoriska-sbg.se\/index.php?rest_route=\/wp\/v2\/pages\/71\/revisions"}],"predecessor-version":[{"id":72,"href":"https:\/\/www.varvshistoriska-sbg.se\/index.php?rest_route=\/wp\/v2\/pages\/71\/revisions\/72"}],"wp:attachment":[{"href":"https:\/\/www.varvshistoriska-sbg.se\/index.php?rest_route=%2Fwp%2Fv2%2Fmedia&parent=71"}],"curies":[{"name":"wp","href":"https:\/\/api.w.org\/{rel}","templated":true}]}}