{"id":73,"date":"2020-04-27T14:36:19","date_gmt":"2020-04-27T13:36:19","guid":{"rendered":"https:\/\/www.varvshistoriska-sbg.se\/?page_id=73"},"modified":"2024-02-20T10:16:01","modified_gmt":"2024-02-20T10:16:01","slug":"index-phpoptioncom-contentviewarticleid16itemid16","status":"publish","type":"page","link":"https:\/\/www.varvshistoriska-sbg.se\/?page_id=73","title":{"rendered":"F\u00f6reningstr\u00e4ffar"},"content":{"rendered":"\n<p><strong>M\u00d6TEN B\u00d6RJAR ALLTID KL:&nbsp;18.00 \/ LOKAL FOLKETS HUS \/ Om inget annat anges.<\/strong><\/p>\n\n\n\n<p><strong>24 &nbsp;febr. 2014. &nbsp;\u00c5RSM\u00d6TE ! Sedvanliga \u00e5rsm\u00f6tesf\u00f6rhandlingar &#8211; Verksamheten 2013- revision 2013- verksamhetsplan och budget 2014 \/ Ber\u00e4ttelser av 4 varvsarbetare ! &nbsp;Percy P &#8211; framf\u00f6r . Film om bogserb\u00e5ten Nalle fr\u00e5n Oskarshamn visas. &nbsp;V\u00c4LKOMNA!!!<\/strong><\/p>\n\n\n\n<p><strong>14 mars. Kl. 18.30 &nbsp;2013. GEMENSAMT &nbsp;M\u00d6TE &nbsp;MED Karlshamn MARITIM. Anders Nilsson och Peter Sj\u00f6gren framf\u00f6r ber\u00e4ttelse om Nils Fremberg. vd vid varvet och som 1924 tog sitt liv. OBS Torsdag kl.18.30.<\/strong><\/p>\n","protected":false},"excerpt":{"rendered":"<p>M\u00d6TEN B\u00d6RJAR ALLTID KL:&nbsp;18.00 \/ LOKAL FOLKETS HUS \/ Om inget annat anges. 24 &nbsp;febr. 2014. &nbsp;\u00c5RSM\u00d6TE ! Sedvanliga \u00e5rsm\u00f6tesf\u00f6rhandlingar &#8211; Verksamheten 2013- revision 2013- verksamhetsplan och budget 2014 \/ Ber\u00e4ttelser av 4 varvsarbetare ! &nbsp;Percy P &#8211; framf\u00f6r . Film om bogserb\u00e5ten Nalle fr\u00e5n Oskarshamn visas. &nbsp;V\u00c4LKOMNA!!! 14 mars. Kl. 18.30 &nbsp;2013. GEMENSAMT &nbsp;M\u00d6TE &nbsp;MED Karlshamn MARITIM. Anders Nilsson och Peter Sj\u00f6gren framf\u00f6r ber\u00e4ttelse om Nils Fremberg. vd vid varvet och som 1924 tog sitt liv. OBS Torsdag kl.18.30.<\/p>\n","protected":false},"author":1,"featured_media":0,"parent":0,"menu_order":0,"comment_status":"closed","ping_status":"closed","template":"","meta":{"footnotes":""},"_links":{"self":[{"href":"https:\/\/www.varvshistoriska-sbg.se\/index.php?rest_route=\/wp\/v2\/pages\/73"}],"collection":[{"href":"https:\/\/www.varvshistoriska-sbg.se\/index.php?rest_route=\/wp\/v2\/pages"}],"about":[{"href":"https:\/\/www.varvshistoriska-sbg.se\/index.php?rest_route=\/wp\/v2\/types\/page"}],"author":[{"embeddable":true,"href":"https:\/\/www.varvshistoriska-sbg.se\/index.php?rest_route=\/wp\/v2\/users\/1"}],"replies":[{"embeddable":true,"href":"https:\/\/www.varvshistoriska-sbg.se\/index.php?rest_route=%2Fwp%2Fv2%2Fcomments&post=73"}],"version-history":[{"count":2,"href":"https:\/\/www.varvshistoriska-sbg.se\/index.php?rest_route=\/wp\/v2\/pages\/73\/revisions"}],"predecessor-version":[{"id":75,"href":"https:\/\/www.varvshistoriska-sbg.se\/index.php?rest_route=\/wp\/v2\/pages\/73\/revisions\/75"}],"wp:attachment":[{"href":"https:\/\/www.varvshistoriska-sbg.se\/index.php?rest_route=%2Fwp%2Fv2%2Fmedia&parent=73"}],"curies":[{"name":"wp","href":"https:\/\/api.w.org\/{rel}","templated":true}]}}