{"id":76,"date":"2020-04-27T14:40:43","date_gmt":"2020-04-27T13:40:43","guid":{"rendered":"https:\/\/www.varvshistoriska-sbg.se\/?page_id=76"},"modified":"2024-02-20T10:16:01","modified_gmt":"2024-02-20T10:16:01","slug":"verksamhet","status":"publish","type":"page","link":"https:\/\/www.varvshistoriska-sbg.se\/?page_id=76","title":{"rendered":"Verksamhet"},"content":{"rendered":"\n<p><strong>Varvshistoriska F\u00f6reningen i S\u00f6lvesborg<\/strong>&nbsp;bildades 2003 och \u00e4r \u00f6ppen f\u00f6r alla som har ett intresse f\u00f6r S\u00f6lvesborgs Varv och vill medverka till att dess historia och arbetsplatsens betydelse f\u00f6r S\u00f6lvesborg,&nbsp;kan delges s\u00e5v\u00e4l nuvarande som kommande generationer.<\/p>\n\n\n\n<p>F\u00f6reningen har \u00e4ven senare fattat beslut om att utvidga deras intresse till att omfatta \u00e4ven andra industrihistoriska verksamheter inom kommunen och s\u00f6ker \u00e4ven medlemmar som har samlingar eller erfarenheter fr\u00e5n dessa verksamheter.<\/p>\n\n\n\n<p><strong>En av m\u00e5ls\u00e4ttningarna<\/strong>\u00a0f\u00f6r f\u00f6reningen \u00e4r att iordningst\u00e4lla en permanent utst\u00e4llning d\u00e4r fotografier och f\u00f6rem\u00e5l fr\u00e5n olika perioder av Varvets historia presenteras. \u00c4ven en mobil mindre fotoutst\u00e4llning har anskaffats.<br><\/p>\n\n\n\n<p>Vi f\u00e5r emellan\u00e5t fr\u00e5gor om att delta i v\u00e5r verksamhet via arbetsf\u00f6rmedlingens program f\u00f6r rusta och matcha. Det \u00e4r dessv\u00e4rre inget vi erbjuder, utan rekommenderar er att v\u00e4nda er till t.ex. <a href=\"https:\/\/jobbklar.se\/\">jobbklar.se<\/a>. <\/p>\n\n\n\n<p><br><strong>Ytterligare en m\u00e5ls\u00e4ttning<\/strong>\u00a0som f\u00f6r n\u00e4rvarande p\u00e5g\u00e5r \u00e4r att samla in text- och bildmaterial till en minnesbok som ska skildra delar av S\u00f6lvesborgsvarvets historia.\u00a0Denna har utgivets 2011 och finns att k\u00f6pa.<\/p>\n\n\n\n<p><strong>F\u00f6r att kunna f\u00f6rverkliga deras planer<\/strong>&nbsp;arbetar f\u00f6reningen med de olika teman p\u00e5 deras &#8220;varvskv\u00e4llar&#8221;&nbsp;d\u00e4r de \u00e4ven &nbsp;erbjuder&nbsp;andra aktiviteter s\u00e5som f\u00f6rel\u00e4sningsarrangemang eller utflykter.<\/p>\n\n\n\n<p>Vi vill ocks\u00e5 rikta ett stort tack till kultesg\u00e5rd.se som bidragit med virke ifr\u00e5n tr\u00e4df\u00e4llning och besk\u00e4rning. <br><br>F\u00f6reningens lokal &#8220;varvsrummet&#8221; finns i Folkets Hus i S\u00f6lvesborg.<br><br><strong>Alla intresserade \u00e4r v\u00e4lkomna!<\/strong><\/p>\n","protected":false},"excerpt":{"rendered":"<p>Varvshistoriska F\u00f6reningen i S\u00f6lvesborg&nbsp;bildades 2003 och \u00e4r \u00f6ppen f\u00f6r alla som har ett intresse f\u00f6r S\u00f6lvesborgs Varv och vill medverka till att dess historia och arbetsplatsens betydelse f\u00f6r S\u00f6lvesborg,&nbsp;kan delges s\u00e5v\u00e4l nuvarande som kommande generationer. F\u00f6reningen har \u00e4ven senare fattat beslut om att utvidga deras intresse till att omfatta \u00e4ven andra industrihistoriska verksamheter inom kommunen och s\u00f6ker \u00e4ven medlemmar som har samlingar eller erfarenheter fr\u00e5n dessa verksamheter. En av m\u00e5ls\u00e4ttningarna\u00a0f\u00f6r f\u00f6reningen \u00e4r att iordningst\u00e4lla en permanent utst\u00e4llning d\u00e4r fotografier och f\u00f6rem\u00e5l fr\u00e5n olika perioder av Varvets historia presenteras. \u00c4ven en mobil mindre fotoutst\u00e4llning har anskaffats. Vi f\u00e5r emellan\u00e5t fr\u00e5gor om att delta i v\u00e5r verksamhet via arbetsf\u00f6rmedlingens program f\u00f6r rusta och matcha. Det \u00e4r dessv\u00e4rre inget vi erbjuder, utan rekommenderar er att v\u00e4nda er till t.ex. jobbklar.se. Ytterligare en m\u00e5ls\u00e4ttning\u00a0som f\u00f6r n\u00e4rvarande p\u00e5g\u00e5r \u00e4r att samla in text- och bildmaterial till en minnesbok som ska skildra delar av S\u00f6lvesborgsvarvets historia.\u00a0Denna har utgivets 2011 och finns att k\u00f6pa. F\u00f6r att kunna f\u00f6rverkliga deras planer&nbsp;arbetar f\u00f6reningen med de olika teman p\u00e5 deras &#8220;varvskv\u00e4llar&#8221;&nbsp;d\u00e4r de \u00e4ven &nbsp;erbjuder&nbsp;andra aktiviteter s\u00e5som f\u00f6rel\u00e4sningsarrangemang eller utflykter. Vi vill ocks\u00e5 rikta ett stort tack till kultesg\u00e5rd.se som bidragit med virke ifr\u00e5n tr\u00e4df\u00e4llning och besk\u00e4rning. F\u00f6reningens lokal &#8220;varvsrummet&#8221; finns i Folkets Hus i S\u00f6lvesborg. Alla intresserade \u00e4r v\u00e4lkomna!<\/p>\n","protected":false},"author":1,"featured_media":0,"parent":0,"menu_order":0,"comment_status":"closed","ping_status":"closed","template":"","meta":{"footnotes":""},"_links":{"self":[{"href":"https:\/\/www.varvshistoriska-sbg.se\/index.php?rest_route=\/wp\/v2\/pages\/76"}],"collection":[{"href":"https:\/\/www.varvshistoriska-sbg.se\/index.php?rest_route=\/wp\/v2\/pages"}],"about":[{"href":"https:\/\/www.varvshistoriska-sbg.se\/index.php?rest_route=\/wp\/v2\/types\/page"}],"author":[{"embeddable":true,"href":"https:\/\/www.varvshistoriska-sbg.se\/index.php?rest_route=\/wp\/v2\/users\/1"}],"replies":[{"embeddable":true,"href":"https:\/\/www.varvshistoriska-sbg.se\/index.php?rest_route=%2Fwp%2Fv2%2Fcomments&post=76"}],"version-history":[{"count":4,"href":"https:\/\/www.varvshistoriska-sbg.se\/index.php?rest_route=\/wp\/v2\/pages\/76\/revisions"}],"predecessor-version":[{"id":127,"href":"https:\/\/www.varvshistoriska-sbg.se\/index.php?rest_route=\/wp\/v2\/pages\/76\/revisions\/127"}],"wp:attachment":[{"href":"https:\/\/www.varvshistoriska-sbg.se\/index.php?rest_route=%2Fwp%2Fv2%2Fmedia&parent=76"}],"curies":[{"name":"wp","href":"https:\/\/api.w.org\/{rel}","templated":true}]}}