{"id":98,"date":"2020-05-04T12:18:07","date_gmt":"2020-05-04T11:18:07","guid":{"rendered":"https:\/\/www.varvshistoriska-sbg.se\/?page_id=98"},"modified":"2024-02-20T10:16:01","modified_gmt":"2024-02-20T10:16:01","slug":"hafte-om-varvet","status":"publish","type":"page","link":"https:\/\/www.varvshistoriska-sbg.se\/?page_id=98","title":{"rendered":"H\u00e4fte om Varvet"},"content":{"rendered":"\n<p>Vi har haft en fundering ett tag p\u00e5 att skriva ihop ett litet h\u00e4fte som vi kan skriva ut och dela ut till de som \u00e4r medlemmar i varvshistoriska f\u00f6reningen. H\u00e4ftet ska beskriva historien om S\u00f6lvesborgs Varv och vi f\u00f6rs\u00f6ker hitta bilder som vi kan anv\u00e4nda i h\u00e4ftet. Tanken \u00e4r att det ska vara en rolig grej att ha kvar och visa upp f\u00f6r sina barnbarn s\u00e5 att historien lever vidare. Vi vet att det finns fler som tycker att denna historia \u00e4r v\u00e4rd att bevara b\u00e5de i text och bild.<\/p>\n\n\n\n<p>N\u00e4r vi satte ig\u00e5ng med detta uppt\u00e4ckte vi dock att v\u00e5r skrivare inte fungerade alls. Tekniska \u00e4r vi inte h\u00e4r men till slut kom vi fram till att det var s\u00e5 att v\u00e5ra bl\u00e4ckpatroner tagit slut. S\u00e5 efter mycket om och men hittade vi nya som passade till just v\u00e5r skrivare. S\u00e5 nu \u00e4r vi \u00e5ter ig\u00e5ng och ska ta tag i att skriva ut och ordna fram n\u00e5gra h\u00e4ften som vi hoppas kunna dela ut inom kort.<\/p>\n\n\n\n<p>Det sv\u00e5raste \u00e4r att hitta bilder som vi f\u00e5r anv\u00e4nda i v\u00e5rt h\u00e4fte. Har vi inga bilder blir det s\u00e5 tr\u00e5kigt med bara en l\u00e5ng text. Historien finns att l\u00e4sa \u00e4ven h\u00e4r men vi tycker det vore extra kul att ha n\u00e5got att dela ut och visa upp f\u00f6r andra. Det \u00e4r ju en liten del som \u00e4r med i varvshistoriska f\u00f6reningen och d\u00e4rmed har ett genuint intresse f\u00f6r varvet. Vi tror dock att det finns m\u00e5nga fler som skulle tycka det var intressant att f\u00e5 veta lite mer om historien.<\/p>\n\n\n\n<p>Extra stort tack till <a href=\"https:\/\/flyttfabriken.se\/\">flyttfabriken.se<\/a> i som hj\u00e4lpt oss flytta f\u00f6rem\u00e5l av stora historiska v\u00e4rden f\u00f6r sj\u00f6farten ifr\u00e5n Stockholm till S\u00f6lvesborg. <\/p>\n\n\n\n<p>Vi hoppas inom kort att kunna dela med oss av v\u00e5rt lilla h\u00e4fte. Till dess \u00f6nskar vi er alla en bra dag.<\/p>\n","protected":false},"excerpt":{"rendered":"<p>Vi har haft en fundering ett tag p\u00e5 att skriva ihop ett litet h\u00e4fte som vi kan skriva ut och dela ut till de som \u00e4r medlemmar i varvshistoriska f\u00f6reningen. H\u00e4ftet ska beskriva historien om S\u00f6lvesborgs Varv och vi f\u00f6rs\u00f6ker hitta bilder som vi kan anv\u00e4nda i h\u00e4ftet. Tanken \u00e4r att det ska vara en rolig grej att ha kvar och visa upp f\u00f6r sina barnbarn s\u00e5 att historien lever vidare. Vi vet att det finns fler som tycker att denna historia \u00e4r v\u00e4rd att bevara b\u00e5de i text och bild. N\u00e4r vi satte ig\u00e5ng med detta uppt\u00e4ckte vi dock att v\u00e5r skrivare inte fungerade alls. Tekniska \u00e4r vi inte h\u00e4r men till slut kom vi fram till att det var s\u00e5 att v\u00e5ra bl\u00e4ckpatroner tagit slut. S\u00e5 efter mycket om och men hittade vi nya som passade till just v\u00e5r skrivare. S\u00e5 nu \u00e4r vi \u00e5ter ig\u00e5ng och ska ta tag i att skriva ut och ordna fram n\u00e5gra h\u00e4ften som vi hoppas kunna dela ut inom kort. Det sv\u00e5raste \u00e4r att hitta bilder som vi f\u00e5r anv\u00e4nda i v\u00e5rt h\u00e4fte. Har vi inga bilder blir det s\u00e5 tr\u00e5kigt med bara en l\u00e5ng text. Historien finns att l\u00e4sa \u00e4ven h\u00e4r men vi tycker det vore extra kul att ha n\u00e5got att dela ut och visa upp f\u00f6r andra. Det \u00e4r ju en liten del som \u00e4r med i varvshistoriska f\u00f6reningen och d\u00e4rmed har ett genuint intresse f\u00f6r varvet. Vi tror dock att det finns m\u00e5nga fler som skulle tycka det var intressant att f\u00e5 veta lite mer om historien. Extra stort tack till flyttfabriken.se i som hj\u00e4lpt oss flytta f\u00f6rem\u00e5l av stora historiska v\u00e4rden f\u00f6r sj\u00f6farten ifr\u00e5n Stockholm till S\u00f6lvesborg. Vi hoppas inom kort att kunna dela med oss av v\u00e5rt lilla h\u00e4fte. Till dess \u00f6nskar vi er alla en bra dag.<\/p>\n","protected":false},"author":1,"featured_media":0,"parent":0,"menu_order":0,"comment_status":"closed","ping_status":"closed","template":"","meta":{"footnotes":""},"_links":{"self":[{"href":"https:\/\/www.varvshistoriska-sbg.se\/index.php?rest_route=\/wp\/v2\/pages\/98"}],"collection":[{"href":"https:\/\/www.varvshistoriska-sbg.se\/index.php?rest_route=\/wp\/v2\/pages"}],"about":[{"href":"https:\/\/www.varvshistoriska-sbg.se\/index.php?rest_route=\/wp\/v2\/types\/page"}],"author":[{"embeddable":true,"href":"https:\/\/www.varvshistoriska-sbg.se\/index.php?rest_route=\/wp\/v2\/users\/1"}],"replies":[{"embeddable":true,"href":"https:\/\/www.varvshistoriska-sbg.se\/index.php?rest_route=%2Fwp%2Fv2%2Fcomments&post=98"}],"version-history":[{"count":3,"href":"https:\/\/www.varvshistoriska-sbg.se\/index.php?rest_route=\/wp\/v2\/pages\/98\/revisions"}],"predecessor-version":[{"id":125,"href":"https:\/\/www.varvshistoriska-sbg.se\/index.php?rest_route=\/wp\/v2\/pages\/98\/revisions\/125"}],"wp:attachment":[{"href":"https:\/\/www.varvshistoriska-sbg.se\/index.php?rest_route=%2Fwp%2Fv2%2Fmedia&parent=98"}],"curies":[{"name":"wp","href":"https:\/\/api.w.org\/{rel}","templated":true}]}}